{"id":601,"date":"2021-01-26T16:28:24","date_gmt":"2021-01-26T15:28:24","guid":{"rendered":"https:\/\/www.camping-ayguelade.fr\/?page_id=601"},"modified":"2025-03-01T09:00:43","modified_gmt":"2025-03-01T08:00:43","slug":"socios","status":"publish","type":"page","link":"https:\/\/www.camping-ayguelade.fr\/es\/socios\/","title":{"rendered":"Socios"},"content":{"rendered":"<div data-elementor-type=\"wp-page\" data-elementor-id=\"601\" class=\"elementor elementor-601\" data-elementor-post-type=\"page\">\n\t\t\t\t\t\t<section class=\"elementor-section elementor-top-section elementor-element elementor-element-5904f762 elementor-section-height-min-height elementor-section-boxed elementor-section-height-default elementor-section-items-middle\" data-id=\"5904f762\" data-element_type=\"section\" data-settings=\"{&quot;background_background&quot;:&quot;classic&quot;}\">\n\t\t\t\t\t\t\t<div class=\"elementor-background-overlay\"><\/div>\n\t\t\t\t\t\t\t<div class=\"elementor-container elementor-column-gap-default\">\n\t\t\t\t\t<div class=\"elementor-column elementor-col-100 elementor-top-column elementor-element elementor-element-715acb71\" data-id=\"715acb71\" data-element_type=\"column\">\n\t\t\t<div class=\"elementor-widget-wrap elementor-element-populated\">\n\t\t\t\t\t\t<div class=\"elementor-element elementor-element-26f104a1 smooth elementor-widget elementor-widget-heading\" data-id=\"26f104a1\" data-element_type=\"widget\" data-widget_type=\"heading.default\">\n\t\t\t\t<div class=\"elementor-widget-container\">\n\t\t\t\t\t<span class=\"elementor-heading-title elementor-size-default\">Los socios<\/span>\t\t\t\t<\/div>\n\t\t\t\t<\/div>\n\t\t\t\t\t<\/div>\n\t\t<\/div>\n\t\t\t\t\t<\/div>\n\t\t<\/section>\n\t\t\t\t<section class=\"elementor-section elementor-top-section elementor-element elementor-element-7fa54d1 elementor-section-boxed elementor-section-height-default elementor-section-height-default\" data-id=\"7fa54d1\" data-element_type=\"section\">\n\t\t\t\t\t\t<div class=\"elementor-container elementor-column-gap-default\">\n\t\t\t\t\t<div class=\"elementor-column elementor-col-100 elementor-top-column elementor-element elementor-element-035b5aa\" data-id=\"035b5aa\" data-element_type=\"column\">\n\t\t\t<div class=\"elementor-widget-wrap elementor-element-populated\">\n\t\t\t\t\t\t<div class=\"elementor-element elementor-element-86bd884 elementor-widget elementor-widget-heading\" data-id=\"86bd884\" data-element_type=\"widget\" data-widget_type=\"heading.default\">\n\t\t\t\t<div class=\"elementor-widget-container\">\n\t\t\t\t\t<h1 class=\"elementor-heading-title elementor-size-default\">Las direcciones correctas<\/h1>\t\t\t\t<\/div>\n\t\t\t\t<\/div>\n\t\t\t\t<div class=\"elementor-element elementor-element-a4354d8 elementor-widget-divider--separator-type-pattern elementor-widget-divider--no-spacing elementor-widget-divider--view-line elementor-widget elementor-widget-divider\" data-id=\"a4354d8\" data-element_type=\"widget\" data-widget_type=\"divider.default\">\n\t\t\t\t<div class=\"elementor-widget-container\">\n\t\t\t\t\t\t\t<div class=\"elementor-divider\" style=\"--divider-pattern-url: url(&quot;data:image\/svg+xml,%3Csvg xmlns=&#039;http:\/\/www.w3.org\/2000\/svg&#039; preserveAspectRatio=&#039;xMidYMid meet&#039; overflow=&#039;visible&#039; height=&#039;100%&#039; viewBox=&#039;0 0 121 26&#039; fill=&#039;black&#039; stroke=&#039;none&#039;%3E%3Cpath d=&#039;M29.6,10.3l2.1,2.2l-3.6,3.3h7v2.9h-7l3.6,3.5l-2.1,1.7l-5.2-5.2h-5.8v-2.9h5.8L29.6,10.3z M70.9,9.6l2.1,1.7l-3.6,3.5h7v2.9h-7l3.6,3.3l-2.1,2.2l-5.2-5.5h-5.8v-2.9h5.8L70.9,9.6z M111.5,9.6l2.1,1.7l-3.6,3.5h7v2.9h-7l3.6,3.3l-2.1,2.2l-5.2-5.5h-5.8v-2.9h5.8L111.5,9.6z M50.2,2.7l2.1,1.7l-3.6,3.5h7v2.9h-7l3.6,3.3l-2.1,2.2L45,10.7h-5.8V7.9H45L50.2,2.7z M11,2l2.1,1.7L9.6,7.2h7V10h-7l3.6,3.3L11,15.5L5.8,10H0V7.2h5.8L11,2z M91.5,2l2.1,2.2l-3.6,3.3h7v2.9h-7l3.6,3.5l-2.1,1.7l-5.2-5.2h-5.8V7.5h5.8L91.5,2z&#039;\/%3E%3C\/svg%3E&quot;);\">\n\t\t\t<span class=\"elementor-divider-separator\">\n\t\t\t\t\t\t<\/span>\n\t\t<\/div>\n\t\t\t\t\t\t<\/div>\n\t\t\t\t<\/div>\n\t\t\t\t<section class=\"elementor-section elementor-inner-section elementor-element elementor-element-f6e0474 elementor-section-boxed elementor-section-height-default elementor-section-height-default\" data-id=\"f6e0474\" data-element_type=\"section\">\n\t\t\t\t\t\t<div class=\"elementor-container elementor-column-gap-default\">\n\t\t\t\t\t<div class=\"elementor-column elementor-col-50 elementor-inner-column elementor-element elementor-element-d07f5be\" data-id=\"d07f5be\" data-element_type=\"column\">\n\t\t\t<div class=\"elementor-widget-wrap elementor-element-populated\">\n\t\t\t\t\t\t<div class=\"elementor-element elementor-element-fa0af0b elementor-widget elementor-widget-heading\" data-id=\"fa0af0b\" data-element_type=\"widget\" data-widget_type=\"heading.default\">\n\t\t\t\t<div class=\"elementor-widget-container\">\n\t\t\t\t\t<h2 class=\"elementor-heading-title elementor-size-default\">Actores y lugares clave<\/h2>\t\t\t\t<\/div>\n\t\t\t\t<\/div>\n\t\t\t\t<div class=\"elementor-element elementor-element-a06f62c elementor-widget elementor-widget-text-editor\" data-id=\"a06f62c\" data-element_type=\"widget\" data-widget_type=\"text-editor.default\">\n\t\t\t\t<div class=\"elementor-widget-container\">\n\t\t\t\t\t\t\t\t\t<p>Imprescindible para su estancia, ya que las rutas de senderismo pueden descargarse directamente desde :<\/p>\t\t\t\t\t\t\t\t<\/div>\n\t\t\t\t<\/div>\n\t\t\t\t<div class=\"elementor-element elementor-element-b4d54a7 elementor-widget elementor-widget-heading\" data-id=\"b4d54a7\" data-element_type=\"widget\" data-widget_type=\"heading.default\">\n\t\t\t\t<div class=\"elementor-widget-container\">\n\t\t\t\t\t<h3 class=\"elementor-heading-title elementor-size-default\">Las oficinas de turismo del Valle de Ossau<\/h3>\t\t\t\t<\/div>\n\t\t\t\t<\/div>\n\t\t\t\t<div class=\"elementor-element elementor-element-1ee5d2a elementor-widget elementor-widget-text-editor\" data-id=\"1ee5d2a\" data-element_type=\"widget\" data-widget_type=\"text-editor.default\">\n\t\t\t\t<div class=\"elementor-widget-container\">\n\t\t\t\t\t\t\t\t\t<p>Oficina de Turismo de<a href=\"https:\/\/www.valleedossau-tourisme.com\" target=\"_blank\" rel=\"noopener\"><strong>Arudy<\/strong><\/a><br \/>Oficina de Turismo de <strong><a href=\"https:\/\/www.ossau-pyrenees.com\" target=\"_blank\" rel=\"noopener\">Laruns<\/a><\/strong><\/p>\t\t\t\t\t\t\t\t<\/div>\n\t\t\t\t<\/div>\n\t\t\t\t<div class=\"elementor-element elementor-element-6bcedf9 elementor-widget elementor-widget-heading\" data-id=\"6bcedf9\" data-element_type=\"widget\" data-widget_type=\"heading.default\">\n\t\t\t\t<div class=\"elementor-widget-container\">\n\t\t\t\t\t<h3 class=\"elementor-heading-title elementor-size-default\">Comercios vecinos<\/h3>\t\t\t\t<\/div>\n\t\t\t\t<\/div>\n\t\t\t\t<div class=\"elementor-element elementor-element-5864630 elementor-widget elementor-widget-text-editor\" data-id=\"5864630\" data-element_type=\"widget\" data-widget_type=\"text-editor.default\">\n\t\t\t\t<div class=\"elementor-widget-container\">\n\t\t\t\t\t\t\t\t\t<p><strong>PUEBLO DE BIELLE<\/strong><\/p><p>Panader\u00eda Laloubere\u00a0<br \/>Restaurante L'Ayguelade: <a href=\"https:\/\/www.hotel-ayguelade.com\/\" target=\"_blank\" rel=\"noopener\">https:\/\/www.hotel-ayguelade.com\/<\/a><br \/>Bar Restaurante Chambres d'Hotes Maison Lavillete: <a href=\"https:\/\/maisonlavillete.wixsite.com\/maisondhotes\" target=\"_blank\" rel=\"noopener\">https:\/\/maisonlavillete.wixsite.com\/maisondhotes<\/a><br \/>Bar Restaurante Tienda de comestibles le Tichodrome <a href=\"https:\/\/www.facebook.com\/profile.php?id=61558453425944&amp;locale=fr_FR\" target=\"_blank\" rel=\"noopener\">https:\/\/www.facebook.com\/profile.php?id=61558453425944&amp;locale=fr_FR<\/a><\/p><p>Pizzer\u00eda <a href=\"https:\/\/www.facebook.com\/LaVacaArrouget\" target=\"_blank\" rel=\"noopener\">La Vaca Arrouget<\/a><\/p><p>Merienda de verano\u00a0 <a href=\"https:\/\/www.valleedossau.com\/espace-naturel-du-lac-de-castet.html\" target=\"_blank\" rel=\"noopener\">https:\/\/www.valleedossau.com\/espace-naturel-du-lac-de-castet.html<\/a><\/p><p>Cami\u00f3n Montagne Gourmande (crepes, quesos, embutidos, productos locales, bebidas...) Veh\u00edculo situado a la entrada de Bilh\u00e8res en Ossau en verano.<br \/>Tel. <span class=\"skype_c2c_container notranslate\" dir=\"ltr\" tabindex=\"-1\" data-numbertocall=\"+33559053494\" data-numbertype=\"paid\" data-isfreecall=\"false\" data-isrtl=\"false\" data-ismobile=\"false\"><span class=\"skype_c2c_highlighting_inactive_common\" dir=\"ltr\"><span class=\"skype_c2c_textarea_span\"><span class=\"skype_c2c_text_span\">06 43 10 23 87 Facebook\u00a0\u00a0 <a href=\"https:\/\/fr-fr.facebook.com\/montagne.gourmande\" target=\"_blank\" rel=\"noopener\">https:\/\/fr-fr.facebook.com\/montagne.gourmande<\/a> <\/span><\/span><\/span><\/span><\/p><p><a href=\"https:\/\/www.boutiques-ossau.fr\" target=\"_blank\" rel=\"noopener\">Las boutiques de Ossau\u00a0 <\/a><\/p><p><a href=\"https:\/\/www.facebook.com\/Magnifisens\" target=\"_blank\" rel=\"noopener\">Magnifisens<\/a> minerales, joyas, piedras pulidas<\/p>\t\t\t\t\t\t\t\t<\/div>\n\t\t\t\t<\/div>\n\t\t\t\t<div class=\"elementor-element elementor-element-4ac3e42 elementor-widget elementor-widget-text-editor\" data-id=\"4ac3e42\" data-element_type=\"widget\" data-widget_type=\"text-editor.default\">\n\t\t\t\t<div class=\"elementor-widget-container\">\n\t\t\t\t\t\t\t\t\t<p><strong>A 6 KM<\/strong><\/p><p>Les Copains d'Abord en Louvie Juzon\u00a0<a href=\"https:\/\/www.facebook.com\/p\/les-copains-dabord-61550277197530\/\" target=\"_blank\" rel=\"noopener\">https:\/\/www.facebook.com\/p\/les-copains-dabord-61550277197530\/<\/a><br \/><a href=\"https:\/\/www.facebook.com\/auberge.cheztrey\" target=\"_blank\" rel=\"noopener\">La posada de Trey<\/a> en Beost\u00a0<\/p><p>en el camping hay una lista de todos los restaurantes cercanos. .<br \/><strong>Los men\u00fas de los productores locales est\u00e1n disponibles libremente en el camping: quesos, miel, embutidos, pasteles, etc.<\/strong><\/p>\t\t\t\t\t\t\t\t<\/div>\n\t\t\t\t<\/div>\n\t\t\t\t\t<\/div>\n\t\t<\/div>\n\t\t\t\t<div class=\"elementor-column elementor-col-50 elementor-inner-column elementor-element elementor-element-773b7aa\" data-id=\"773b7aa\" data-element_type=\"column\">\n\t\t\t<div class=\"elementor-widget-wrap elementor-element-populated\">\n\t\t\t\t\t\t<div class=\"elementor-element elementor-element-7a4f95e elementor-widget elementor-widget-heading\" data-id=\"7a4f95e\" data-element_type=\"widget\" data-widget_type=\"heading.default\">\n\t\t\t\t<div class=\"elementor-widget-container\">\n\t\t\t\t\t<h2 class=\"elementor-heading-title elementor-size-default\">Deportes y actividades<\/h2>\t\t\t\t<\/div>\n\t\t\t\t<\/div>\n\t\t\t\t<div class=\"elementor-element elementor-element-d7a19b9 elementor-widget elementor-widget-text-editor\" data-id=\"d7a19b9\" data-element_type=\"widget\" data-widget_type=\"text-editor.default\">\n\t\t\t\t<div class=\"elementor-widget-container\">\n\t\t\t\t\t\t\t\t\t<p><strong>INFORMACI\u00d3N IMPORTANTE comunicada este mes de marzo de 2025:<\/strong><br \/>La Soci\u00e9t\u00e9 hydro\u00e9lectrique du Midi (SHEM) vaciar\u00e1 y limpiar\u00e1 la presa de Castet del 25 de junio a septiembre. Durante este periodo, se prohibir\u00e1 el acceso al agua (pesca, kayak, remo, etc.) y a las orillas del Lac de Castet. Tendremos m\u00e1s detalles en una reuni\u00f3n a finales de marzo y nos aseguraremos de transmitir m\u00e1s informaci\u00f3n.<\/p><p>Socios del camping : ciclismo, paddle, barranquismo, rafting, espeleolog\u00eda, escalada, paseos guiados, trashumancia +. <strong>Todas las actividades en la p\u00e1gina web de la Oficina de Turismo del Valle de Ossau<\/strong> <\/p>\t\t\t\t\t\t\t\t<\/div>\n\t\t\t\t<\/div>\n\t\t\t\t<div class=\"elementor-element elementor-element-175e30c elementor-widget elementor-widget-text-editor\" data-id=\"175e30c\" data-element_type=\"widget\" data-widget_type=\"text-editor.default\">\n\t\t\t\t<div class=\"elementor-widget-container\">\n\t\t\t\t\t\t\t\t\t<p><a href=\"https:\/\/www.aventure-chlorophylle.com\" target=\"_blank\" rel=\"noopener\">La aventura de la clorofila<\/a> Ca\u00f1\u00f3n, Rafting, V\u00eda ferrata, Espeleolog\u00eda.<br \/><a href=\"https:\/\/www.canyon-pyrenees.net\" target=\"_blank\" rel=\"noopener\">Garrapet'aiga<\/a> : la Grande Voie, la V\u00eda Ferrata y la V\u00eda Cordata, el Ca\u00f1\u00f3n y la escalada.<br \/><a href=\"https:\/\/rafting-pyrenees.fr\/fr\" target=\"_blank\" rel=\"noopener\">Rastreadores de ondas<\/a> Rafting, pirag\u00fcismo, kayak, hidrospeed.<\/p><p>Aqua vertige Ca\u00f1\u00f3n y espeleolog\u00eda <a href=\"https:\/\/www.aqua-vertige.com\/\" target=\"_blank\" rel=\"noopener\">https:\/\/www.aqua-vertige.com\/<\/a><\/p><p>Bureau Montagne Vall\u00e9e d'Ossau Senderismo, marcha n\u00f3rdica, salidas escolares, salidas tem\u00e1ticas y barranquismo <a href=\"http:\/\/www.pyrenees-ossau-loisirs.com\/\" target=\"_blank\" rel=\"noopener\">http:\/\/www.pyrenees-ossau-loisirs.com\/<\/a><\/p><p>CAMINAM Oficina de Monta\u00f1a Senderismo, Espeleolog\u00eda, Barranquismo, Deportes de Invierno, Aventuras Peatonales, Cuentos de Monta\u00f1a\u00a0 <a href=\"https:\/\/www.caminam.fr\/\" target=\"_blank\" rel=\"noopener\">https:\/\/www.caminam.fr\/<\/a><\/p><p>Chevauch\u00e9e Pyr\u00e9n\u00e9enne, Gu\u00eda ecuestre <a href=\"http:\/\/www.randonnees-cheval-pyrenees.com\/\" target=\"_blank\" rel=\"noopener\">http:\/\/www.randonnees-cheval-pyrenees.com\/<\/a><\/p><p>Petits Pas Paseos en burro :<a href=\"https:\/\/anesenrando.com\/\" target=\"_blank\" rel=\"noopener\">https:\/\/anesenrando.com\/<\/a><\/p><p>Mar\u00eda Blanca Bielle y la Granja Bilheres: <em>Paseos en familia, encuentro con los reba\u00f1os de vacas y ovejas, estancias de trashumancia, visitas a las granjas<\/em>: <a href=\"http:\/\/www.transhumance.net\" target=\"_blank\" rel=\"noopener\">http:\/\/www.transhumance.net<\/a><\/p>\t\t\t\t\t\t\t\t<\/div>\n\t\t\t\t<\/div>\n\t\t\t\t<div class=\"elementor-element elementor-element-0ace5be elementor-widget elementor-widget-image\" data-id=\"0ace5be\" data-element_type=\"widget\" data-widget_type=\"image.default\">\n\t\t\t\t<div class=\"elementor-widget-container\">\n\t\t\t\t\t\t\t\t\t\t\t\t\t\t\t<img fetchpriority=\"high\" decoding=\"async\" width=\"800\" height=\"641\" src=\"https:\/\/www.camping-ayguelade.fr\/wp-content\/uploads\/2021\/01\/canyon-rafting-1024x820.jpg\" class=\"attachment-large size-large wp-image-613\" alt=\"\" srcset=\"https:\/\/www.camping-ayguelade.fr\/wp-content\/uploads\/2021\/01\/canyon-rafting-1024x820.jpg 1024w, https:\/\/www.camping-ayguelade.fr\/wp-content\/uploads\/2021\/01\/canyon-rafting-300x240.jpg 300w, https:\/\/www.camping-ayguelade.fr\/wp-content\/uploads\/2021\/01\/canyon-rafting-768x615.jpg 768w, https:\/\/www.camping-ayguelade.fr\/wp-content\/uploads\/2021\/01\/canyon-rafting-1536x1231.jpg 1536w, https:\/\/www.camping-ayguelade.fr\/wp-content\/uploads\/2021\/01\/canyon-rafting-scaled.jpg 2048w\" sizes=\"(max-width: 800px) 100vw, 800px\" \/>\t\t\t\t\t\t\t\t\t\t\t\t\t\t\t<\/div>\n\t\t\t\t<\/div>\n\t\t\t\t\t<\/div>\n\t\t<\/div>\n\t\t\t\t\t<\/div>\n\t\t<\/section>\n\t\t\t\t\t<\/div>\n\t\t<\/div>\n\t\t\t\t\t<\/div>\n\t\t<\/section>\n\t\t\t\t<section class=\"elementor-section elementor-top-section elementor-element elementor-element-17bdedfb elementor-section-full_width elementor-section-height-min-height elementor-section-height-default elementor-section-items-middle\" data-id=\"17bdedfb\" data-element_type=\"section\" data-settings=\"{&quot;background_background&quot;:&quot;classic&quot;}\">\n\t\t\t\t\t\t\t<div class=\"elementor-background-overlay\"><\/div>\n\t\t\t\t\t\t\t<div class=\"elementor-container elementor-column-gap-default\">\n\t\t\t\t\t<div class=\"elementor-column elementor-col-100 elementor-top-column elementor-element elementor-element-5057f5a5\" data-id=\"5057f5a5\" data-element_type=\"column\">\n\t\t\t<div class=\"elementor-widget-wrap elementor-element-populated\">\n\t\t\t\t\t\t<div class=\"elementor-element elementor-element-524c511 elementor-align-center elementor-widget elementor-widget-button\" data-id=\"524c511\" data-element_type=\"widget\" data-widget_type=\"button.default\">\n\t\t\t\t<div class=\"elementor-widget-container\">\n\t\t\t\t\t\t\t\t\t<div class=\"elementor-button-wrapper\">\n\t\t\t\t\t<a class=\"elementor-button elementor-button-link elementor-size-lg\" href=\"https:\/\/www.camping-ayguelade.fr\/es\/contactar-con\/\">\n\t\t\t\t\t\t<span class=\"elementor-button-content-wrapper\">\n\t\t\t\t\t\t\t\t\t<span class=\"elementor-button-text\">Reserve su estancia<\/span>\n\t\t\t\t\t<\/span>\n\t\t\t\t\t<\/a>\n\t\t\t\t<\/div>\n\t\t\t\t\t\t\t\t<\/div>\n\t\t\t\t<\/div>\n\t\t\t\t\t<\/div>\n\t\t<\/div>\n\t\t\t\t\t<\/div>\n\t\t<\/section>\n\t\t\t\t<\/div>","protected":false},"excerpt":{"rendered":"<p>Los socios Las buenas direcciones Actores y lugares indispensables para su estancia, as\u00ed como las rutas de excursiones\/senderismo en descarga directa sobre : Oficinas de turismo del Valle de Ossau Oficina de turismo de Arudy Oficina de turismo de Laruns Comercios vecinos PUEBLO DE BIELLE Boulangerie Laloubere Restaurante L'Ayguelade: https:\/\/www.hotel-ayguelade.com\/Bar Restaurante Chambres d'Hotes Maison Lavillete: [...]<\/p>","protected":false},"author":2,"featured_media":0,"parent":0,"menu_order":0,"comment_status":"closed","ping_status":"closed","template":"","meta":{"inline_featured_image":false,"footnotes":""},"class_list":["post-601","page","type-page","status-publish","hentry"],"_links":{"self":[{"href":"https:\/\/www.camping-ayguelade.fr\/es\/wp-json\/wp\/v2\/pages\/601","targetHints":{"allow":["GET"]}}],"collection":[{"href":"https:\/\/www.camping-ayguelade.fr\/es\/wp-json\/wp\/v2\/pages"}],"about":[{"href":"https:\/\/www.camping-ayguelade.fr\/es\/wp-json\/wp\/v2\/types\/page"}],"author":[{"embeddable":true,"href":"https:\/\/www.camping-ayguelade.fr\/es\/wp-json\/wp\/v2\/users\/2"}],"replies":[{"embeddable":true,"href":"https:\/\/www.camping-ayguelade.fr\/es\/wp-json\/wp\/v2\/comments?post=601"}],"version-history":[{"count":44,"href":"https:\/\/www.camping-ayguelade.fr\/es\/wp-json\/wp\/v2\/pages\/601\/revisions"}],"predecessor-version":[{"id":165393,"href":"https:\/\/www.camping-ayguelade.fr\/es\/wp-json\/wp\/v2\/pages\/601\/revisions\/165393"}],"wp:attachment":[{"href":"https:\/\/www.camping-ayguelade.fr\/es\/wp-json\/wp\/v2\/media?parent=601"}],"curies":[{"name":"wp","href":"https:\/\/api.w.org\/{rel}","templated":true}]}}